{"id":180,"date":"2024-07-09T08:35:13","date_gmt":"2024-07-09T08:35:13","guid":{"rendered":"http:\/\/cubiertaspferreras.online\/mi-cuenta\/"},"modified":"2024-07-09T08:43:13","modified_gmt":"2024-07-09T08:43:13","slug":"mi-cuenta","status":"publish","type":"page","link":"https:\/\/cubiertaspferreras.online\/en\/mi-cuenta\/","title":{"rendered":"Mi cuenta"},"content":{"rendered":"<div data-elementor-type=\"wp-page\" data-elementor-id=\"180\" class=\"elementor elementor-180\" data-elementor-post-type=\"page\">\n\t\t\t\t<div class=\"elementor-element elementor-element-e747f1b e-flex e-con-boxed e-con e-parent\" data-id=\"e747f1b\" data-element_type=\"container\" data-e-type=\"container\">\n\t\t\t\t\t<div class=\"e-con-inner\">\n\t\t\t\t<div class=\"elementor-element elementor-element-49e9b42 elementor-widget elementor-widget-heading\" data-id=\"49e9b42\" data-element_type=\"widget\" data-e-type=\"widget\" data-widget_type=\"heading.default\">\n\t\t\t\t<div class=\"elementor-widget-container\">\n\t\t\t\t\t<h2 class=\"elementor-heading-title elementor-size-default\">Mi cuenta<\/h2>\t\t\t\t<\/div>\n\t\t\t\t<\/div>\n\t\t\t\t<div class=\"elementor-element elementor-element-3ab0232 e-my-account-tabs-vertical elementor-widget elementor-widget-woocommerce-my-account\" data-id=\"3ab0232\" data-element_type=\"widget\" data-e-type=\"widget\" data-widget_type=\"woocommerce-my-account.default\">\n\t\t\t\t<div class=\"elementor-widget-container\">\n\t\t\t\t\t<div class=\"e-my-account-tab e-my-account-tab__\">\t\t\t<div class=\"woocommerce\"><\/div>\t\t<\/div>\n\t\t\t\t\t\t<\/div>\n\t\t\t\t<\/div>\n\t\t\t\t\t<\/div>\n\t\t\t\t<\/div>\n\t\t\t\t<\/div>","protected":false},"excerpt":{"rendered":"<p>Mi cuenta Escritorio Pedidos Descargas Direcciones Detalles de la cuenta Cerrar sesi\u00f3n Hola admin (\u00bfno eres admin? Cerrar sesi\u00f3n) Desde el escritorio de tu cuenta puedes ver tus pedidos recientes, gestionar tus direcciones de env\u00edo y facturaci\u00f3n y editar tu contrase\u00f1a y los detalles de tu cuenta.<\/p>","protected":false},"author":1,"featured_media":0,"parent":0,"menu_order":0,"comment_status":"closed","ping_status":"closed","template":"","meta":{"footnotes":""},"class_list":["post-180","page","type-page","status-publish","hentry"],"yoast_head":"<!-- This site is optimized with the Yoast SEO plugin v27.5 - https:\/\/yoast.com\/product\/yoast-seo-wordpress\/ -->\n<title>Mi cuenta - CubiertasFerreras Online<\/title>\n<meta name=\"robots\" content=\"index, follow, max-snippet:-1, max-image-preview:large, max-video-preview:-1\" \/>\n<link rel=\"canonical\" href=\"https:\/\/cubiertaspferreras.online\/en\/mi-cuenta\/\" \/>\n<meta property=\"og:locale\" content=\"en_GB\" \/>\n<meta property=\"og:type\" content=\"article\" \/>\n<meta property=\"og:title\" content=\"Mi cuenta - CubiertasFerreras Online\" \/>\n<meta property=\"og:description\" content=\"Mi cuenta Escritorio Pedidos Descargas Direcciones Detalles de la cuenta Cerrar sesi\u00f3n Hola admin (\u00bfno eres admin? Cerrar sesi\u00f3n) Desde el escritorio de tu cuenta puedes ver tus pedidos recientes, gestionar tus direcciones de env\u00edo y facturaci\u00f3n y editar tu contrase\u00f1a y los detalles de tu cuenta.\" \/>\n<meta property=\"og:url\" content=\"https:\/\/cubiertaspferreras.online\/en\/mi-cuenta\/\" \/>\n<meta property=\"og:site_name\" content=\"CubiertasFerreras Online\" \/>\n<meta property=\"article:modified_time\" content=\"2024-07-09T08:43:13+00:00\" \/>\n<meta name=\"twitter:card\" content=\"summary_large_image\" \/>\n<script type=\"application\/ld+json\" class=\"yoast-schema-graph\">{\"@context\":\"https:\\\/\\\/schema.org\",\"@graph\":[{\"@type\":\"WebPage\",\"@id\":\"https:\\\/\\\/cubiertaspferreras.online\\\/mi-cuenta\\\/\",\"url\":\"https:\\\/\\\/cubiertaspferreras.online\\\/mi-cuenta\\\/\",\"name\":\"Mi cuenta - CubiertasFerreras Online\",\"isPartOf\":{\"@id\":\"https:\\\/\\\/cubiertaspferreras.online\\\/#website\"},\"datePublished\":\"2024-07-09T08:35:13+00:00\",\"dateModified\":\"2024-07-09T08:43:13+00:00\",\"breadcrumb\":{\"@id\":\"https:\\\/\\\/cubiertaspferreras.online\\\/mi-cuenta\\\/#breadcrumb\"},\"inLanguage\":\"en-GB\",\"potentialAction\":[{\"@type\":\"ReadAction\",\"target\":[\"https:\\\/\\\/cubiertaspferreras.online\\\/mi-cuenta\\\/\"]}]},{\"@type\":\"BreadcrumbList\",\"@id\":\"https:\\\/\\\/cubiertaspferreras.online\\\/mi-cuenta\\\/#breadcrumb\",\"itemListElement\":[{\"@type\":\"ListItem\",\"position\":1,\"name\":\"Portada\",\"item\":\"https:\\\/\\\/cubiertaspferreras.online\\\/\"},{\"@type\":\"ListItem\",\"position\":2,\"name\":\"Mi cuenta\"}]},{\"@type\":\"WebSite\",\"@id\":\"https:\\\/\\\/cubiertaspferreras.online\\\/#website\",\"url\":\"https:\\\/\\\/cubiertaspferreras.online\\\/\",\"name\":\"CubiertasFerreras Online\",\"description\":\"Instalaciones de estructuras met\u00e1licas, cerramientos de fachadas y cubiertas.\",\"publisher\":{\"@id\":\"https:\\\/\\\/cubiertaspferreras.online\\\/#organization\"},\"potentialAction\":[{\"@type\":\"SearchAction\",\"target\":{\"@type\":\"EntryPoint\",\"urlTemplate\":\"https:\\\/\\\/cubiertaspferreras.online\\\/?s={search_term_string}\"},\"query-input\":{\"@type\":\"PropertyValueSpecification\",\"valueRequired\":true,\"valueName\":\"search_term_string\"}}],\"inLanguage\":\"en-GB\"},{\"@type\":\"Organization\",\"@id\":\"https:\\\/\\\/cubiertaspferreras.online\\\/#organization\",\"name\":\"CubiertasFerreras Online\",\"url\":\"https:\\\/\\\/cubiertaspferreras.online\\\/\",\"logo\":{\"@type\":\"ImageObject\",\"inLanguage\":\"en-GB\",\"@id\":\"https:\\\/\\\/cubiertaspferreras.online\\\/#\\\/schema\\\/logo\\\/image\\\/\",\"url\":\"https:\\\/\\\/cubiertaspferreras.online\\\/wp-content\\\/uploads\\\/2024\\\/06\\\/logos-p.ferreras-02.png\",\"contentUrl\":\"https:\\\/\\\/cubiertaspferreras.online\\\/wp-content\\\/uploads\\\/2024\\\/06\\\/logos-p.ferreras-02.png\",\"width\":3218,\"height\":1451,\"caption\":\"CubiertasFerreras Online\"},\"image\":{\"@id\":\"https:\\\/\\\/cubiertaspferreras.online\\\/#\\\/schema\\\/logo\\\/image\\\/\"}}]}<\/script>\n<!-- \/ Yoast SEO plugin. -->","yoast_head_json":{"title":"Mi cuenta - CubiertasFerreras Online","robots":{"index":"index","follow":"follow","max-snippet":"max-snippet:-1","max-image-preview":"max-image-preview:large","max-video-preview":"max-video-preview:-1"},"canonical":"https:\/\/cubiertaspferreras.online\/en\/mi-cuenta\/","og_locale":"en_GB","og_type":"article","og_title":"Mi cuenta - CubiertasFerreras Online","og_description":"Mi cuenta Escritorio Pedidos Descargas Direcciones Detalles de la cuenta Cerrar sesi\u00f3n Hola admin (\u00bfno eres admin? Cerrar sesi\u00f3n) Desde el escritorio de tu cuenta puedes ver tus pedidos recientes, gestionar tus direcciones de env\u00edo y facturaci\u00f3n y editar tu contrase\u00f1a y los detalles de tu cuenta.","og_url":"https:\/\/cubiertaspferreras.online\/en\/mi-cuenta\/","og_site_name":"CubiertasFerreras Online","article_modified_time":"2024-07-09T08:43:13+00:00","twitter_card":"summary_large_image","schema":{"@context":"https:\/\/schema.org","@graph":[{"@type":"WebPage","@id":"https:\/\/cubiertaspferreras.online\/mi-cuenta\/","url":"https:\/\/cubiertaspferreras.online\/mi-cuenta\/","name":"Mi cuenta - CubiertasFerreras Online","isPartOf":{"@id":"https:\/\/cubiertaspferreras.online\/#website"},"datePublished":"2024-07-09T08:35:13+00:00","dateModified":"2024-07-09T08:43:13+00:00","breadcrumb":{"@id":"https:\/\/cubiertaspferreras.online\/mi-cuenta\/#breadcrumb"},"inLanguage":"en-GB","potentialAction":[{"@type":"ReadAction","target":["https:\/\/cubiertaspferreras.online\/mi-cuenta\/"]}]},{"@type":"BreadcrumbList","@id":"https:\/\/cubiertaspferreras.online\/mi-cuenta\/#breadcrumb","itemListElement":[{"@type":"ListItem","position":1,"name":"Portada","item":"https:\/\/cubiertaspferreras.online\/"},{"@type":"ListItem","position":2,"name":"Mi cuenta"}]},{"@type":"WebSite","@id":"https:\/\/cubiertaspferreras.online\/#website","url":"https:\/\/cubiertaspferreras.online\/","name":"CubiertasFerreras Online","description":"Instalaciones de estructuras met\u00e1licas, cerramientos de fachadas y cubiertas.","publisher":{"@id":"https:\/\/cubiertaspferreras.online\/#organization"},"potentialAction":[{"@type":"SearchAction","target":{"@type":"EntryPoint","urlTemplate":"https:\/\/cubiertaspferreras.online\/?s={search_term_string}"},"query-input":{"@type":"PropertyValueSpecification","valueRequired":true,"valueName":"search_term_string"}}],"inLanguage":"en-GB"},{"@type":"Organization","@id":"https:\/\/cubiertaspferreras.online\/#organization","name":"CubiertasFerreras Online","url":"https:\/\/cubiertaspferreras.online\/","logo":{"@type":"ImageObject","inLanguage":"en-GB","@id":"https:\/\/cubiertaspferreras.online\/#\/schema\/logo\/image\/","url":"https:\/\/cubiertaspferreras.online\/wp-content\/uploads\/2024\/06\/logos-p.ferreras-02.png","contentUrl":"https:\/\/cubiertaspferreras.online\/wp-content\/uploads\/2024\/06\/logos-p.ferreras-02.png","width":3218,"height":1451,"caption":"CubiertasFerreras Online"},"image":{"@id":"https:\/\/cubiertaspferreras.online\/#\/schema\/logo\/image\/"}}]}},"_links":{"self":[{"href":"https:\/\/cubiertaspferreras.online\/en\/wp-json\/wp\/v2\/pages\/180","targetHints":{"allow":["GET"]}}],"collection":[{"href":"https:\/\/cubiertaspferreras.online\/en\/wp-json\/wp\/v2\/pages"}],"about":[{"href":"https:\/\/cubiertaspferreras.online\/en\/wp-json\/wp\/v2\/types\/page"}],"author":[{"embeddable":true,"href":"https:\/\/cubiertaspferreras.online\/en\/wp-json\/wp\/v2\/users\/1"}],"replies":[{"embeddable":true,"href":"https:\/\/cubiertaspferreras.online\/en\/wp-json\/wp\/v2\/comments?post=180"}],"version-history":[{"count":3,"href":"https:\/\/cubiertaspferreras.online\/en\/wp-json\/wp\/v2\/pages\/180\/revisions"}],"predecessor-version":[{"id":235,"href":"https:\/\/cubiertaspferreras.online\/en\/wp-json\/wp\/v2\/pages\/180\/revisions\/235"}],"wp:attachment":[{"href":"https:\/\/cubiertaspferreras.online\/en\/wp-json\/wp\/v2\/media?parent=180"}],"curies":[{"name":"wp","href":"https:\/\/api.w.org\/{rel}","templated":true}]}}